{"id":44,"date":"2020-03-26T18:38:43","date_gmt":"2020-03-26T17:38:43","guid":{"rendered":"https:\/\/bambi.edu.rs\/?page_id=44"},"modified":"2020-03-26T20:20:11","modified_gmt":"2020-03-26T19:20:11","slug":"rolunk","status":"publish","type":"page","link":"https:\/\/bambi.edu.rs\/hu\/rolunk\/","title":{"rendered":"R\u00f3lunk"},"content":{"rendered":"<h1 style=\"text-align: center;\">R\u00f3lunk<\/h1>\n<p class=\"lead\">A topolyai k\u00f6zs\u00e9gben 1886 \u00f3ta foglalkoznak az \u00f3vod\u00e1skor\u00fa gyermekekkel.<\/p>\n<p>Ma a <strong>Bambi Iskol\u00e1skor El\u0151tti Int\u00e9zm\u00e9ny<\/strong> az eg\u00e9sz k\u00f6zs\u00e9get fel\u00f6leli 13 \u00e9p\u00fclet\u00e9vel, ebb\u0151l n\u00e9gy a v\u00e1rosban van, 9 pedig a k\u00f6zs\u00e9g helyi k\u00f6z\u00f6ss\u00e9geiben. 800 gyermekkel foglalkoznak 1-t\u0151l 6,5 \u00e9ves, vagyis iskol\u00e1skorig.<\/p>\n<p>A foglalkoz\u00e1s nyelv\u00e9r\u0151l a sz\u00fcl\u0151k d\u00f6ntenek az \u00edratkoz\u00e1sn\u00e1l. A gyermekek 3-t\u00f3l 6,5 \u00e9ves korig angolul is tanulhatnak.<\/p>\n<p><strong>A Bambi \u00f3vod\u00e1sai a v\u00e1rosban sz\u00e1mos m\u0171vel\u0151d\u00e9si rendezv\u00e9nyen vesznek r\u00e9szt:<\/strong><\/p>\n<ul>\n<li class=\"bullet-star\">M\u00e9zkarnev\u00e1l Topolya<\/li>\n<li class=\"bullet-star\">Fut\u00e1s a szebb gyermekkor\u00e9rt<\/li>\n<li class=\"bullet-star\">Gyermekh\u00e9t<\/li>\n<li class=\"bullet-star\">Gyermekek vil\u00e1gnapja<\/li>\n<li class=\"bullet-star\">Az eg\u00e9szs\u00e9ges \u00e9tkez\u00e9s nemzetk\u00f6zi napja<\/li>\n<li class=\"bullet-star\">Napsugaras \u0151sz<\/li>\n<li class=\"bullet-star\">Az id\u0151sek napja<\/li>\n<li class=\"bullet-star\">Bebi exit<\/li>\n<li class=\"bullet-star\">Iskol\u00e1skor\u00faak z\u00e1r\u00f3rendezv\u00e9nyei<\/li>\n<li class=\"bullet-star\">Az int\u00e9zm\u00e9ny napja<\/li>\n<\/ul>\n<p>Az int\u00e9zm\u00e9ny fenn\u00e1ll\u00e1s\u00e1nak 125. \u00e9vfordul\u00f3ja alkalm\u00e1b\u00f3l megkapta a k\u00f6zs\u00e9gi k\u00e9pvisel\u0151 test\u00fclet Pro Urbe d\u00edj\u00e1t.<\/p>\n<p>Bambi az egyed\u00fcli iskol\u00e1skor el\u0151tti int\u00e9zm\u00e9ny a k\u00f6rny\u00e9ken, ahol az \u00f3vod\u00e1sok m\u00e1r 10 \u00e9ve r\u00e9szt vesznek a Mit tudsz az eg\u00e9szs\u00e9gr\u0151l \u2013 els\u0151seg\u00e9lyny\u00fajt\u00e1si versenyen.<\/p>\n<p>Hagyom\u00e1ny \u00e9s t\u00f6rt\u00e9nelem, az id\u0151szer\u0171 tudom\u00e1nyos fejl\u0151d\u00e9sek k\u00f6vet\u00e9sei jellemzik ezt a kicsiny gyermekekkel foglalkoz\u00f3 oktat\u00e1si int\u00e9zm\u00e9nyt.<\/p>\n<p>&nbsp;<\/p>\n","protected":false},"excerpt":{"rendered":"<p>R\u00f3lunk A topolyai k\u00f6zs\u00e9gben 1886 \u00f3ta foglalkoznak az \u00f3vod\u00e1skor\u00fa gyermekekkel. Ma a Bambi Iskol\u00e1skor El\u0151tti Int\u00e9zm\u00e9ny az eg\u00e9sz k\u00f6zs\u00e9get fel\u00f6leli 13 \u00e9p\u00fclet\u00e9vel, ebb\u0151l n\u00e9gy a v\u00e1rosban van, 9 pedig a k\u00f6zs\u00e9g helyi k\u00f6z\u00f6ss\u00e9geiben. 800 gyermekkel foglalkoznak 1-t\u0151l 6,5 \u00e9ves, vagyis iskol\u00e1skorig. A foglalkoz\u00e1s nyelv\u00e9r\u0151l a sz\u00fcl\u0151k d\u00f6ntenek az \u00edratkoz\u00e1sn\u00e1l. A gyermekek 3-t\u00f3l 6,5 \u00e9ves korig [&#8230;]\n","protected":false},"author":1,"featured_media":0,"parent":0,"menu_order":0,"comment_status":"closed","ping_status":"closed","template":"","meta":{"inline_featured_image":false,"jetpack_post_was_ever_published":false,"footnotes":""},"class_list":["post-44","page","type-page","status-publish","hentry"],"_links":{"self":[{"href":"https:\/\/bambi.edu.rs\/hu\/wp-json\/wp\/v2\/pages\/44","targetHints":{"allow":["GET"]}}],"collection":[{"href":"https:\/\/bambi.edu.rs\/hu\/wp-json\/wp\/v2\/pages"}],"about":[{"href":"https:\/\/bambi.edu.rs\/hu\/wp-json\/wp\/v2\/types\/page"}],"author":[{"embeddable":true,"href":"https:\/\/bambi.edu.rs\/hu\/wp-json\/wp\/v2\/users\/1"}],"replies":[{"embeddable":true,"href":"https:\/\/bambi.edu.rs\/hu\/wp-json\/wp\/v2\/comments?post=44"}],"version-history":[{"count":0,"href":"https:\/\/bambi.edu.rs\/hu\/wp-json\/wp\/v2\/pages\/44\/revisions"}],"wp:attachment":[{"href":"https:\/\/bambi.edu.rs\/hu\/wp-json\/wp\/v2\/media?parent=44"}],"curies":[{"name":"wp","href":"https:\/\/api.w.org\/{rel}","templated":true}]}}