{"id":40,"date":"2020-03-26T18:37:49","date_gmt":"2020-03-26T17:37:49","guid":{"rendered":"https:\/\/bambi.edu.rs\/?page_id=40"},"modified":"2025-04-01T21:40:53","modified_gmt":"2025-04-01T19:40:53","slug":"szuloknek","status":"publish","type":"page","link":"https:\/\/bambi.edu.rs\/hu\/szuloknek\/","title":{"rendered":"Sz\u00fcl\u0151knek"},"content":{"rendered":"\n\t<section class=\"section sargafejlec\" id=\"section_1144080909\">\n\t\t<div class=\"section-bg fill\" >\n\t\t\t<img data-recalc-dims=\"1\" loading=\"lazy\" decoding=\"async\" width=\"1020\" height=\"638\" src=\"https:\/\/i0.wp.com\/bambi.edu.rs\/wp-content\/uploads\/2020\/03\/main_bg.png?resize=1020%2C638&#038;ssl=1\" class=\"bg attachment- size-\" alt=\"\" \/>\t\t\t\t\t\t\n\t\t\t\n\n\t\t<\/div>\n\n\t\t\n\n\t\t<div class=\"section-content relative\">\n\t\t\t\n\t<div id=\"gap-622683257\" class=\"gap-element clearfix\" style=\"display:block; height:auto;\">\n\t\t\n<style>\n#gap-622683257 {\n  padding-top: 80px;\n}\n<\/style>\n\t<\/div>\n\t\n<h1 class=\"thin-font\" style=\"text-align: center;\"><span style=\"font-size: 100%; color: #ffffff;\">Sz\u00fcl\u0151knek<\/span><\/h1>\n<div class=\"text-center\"><div class=\"is-divider divider clearfix\" ><\/div><\/div>\n\t\t<\/div>\n\n\t\t\n<style>\n#section_1144080909 {\n  padding-top: 30px;\n  padding-bottom: 30px;\n  background-color: rgb(243, 165, 51);\n}\n<\/style>\n\t<\/section>\n\t\n\t<div id=\"gap-1408242676\" class=\"gap-element clearfix\" style=\"display:block; height:auto;\">\n\t\t\n<style>\n#gap-1408242676 {\n  padding-top: 30px;\n}\n<\/style>\n\t<\/div>\n\t\n<div class=\"row row-dashed\"  id=\"row-982431781\">\n\n\t<div id=\"col-1625770551\" class=\"col medium-6 small-12 large-6\"  >\n\t\t\t\t<div class=\"col-inner\"  >\n\t\t\t\n\t\t\t\n<h3>A k\u00e9perny\u0151 hat\u00e1sa a gyermekfejl\u0151d\u00e9sre<\/h3>\n<p>Mir\u0151l lesz sz\u00f3? Mikor, mennyit haszn\u00e1ljuk. Negat\u00edv hat\u00e1sok. Hogyan hatunk a k\u00e9perny\u0151haszn\u00e1lati szok\u00e1sokra.<\/p>\n<p><a href=\"https:\/\/bambi.edu.rs\/wp-content\/uploads\/2025\/04\/Kepernyohasznalat-hatasa-a-gyermek-fejlodesere-1.pptx\">Let\u00f6lt\u00e9s<\/a><\/p>\n\t\t<\/div>\n\t\t\t\t\t<\/div>\n\n\t\n\n\t<div id=\"col-1880291882\" class=\"col medium-6 small-12 large-6\"  >\n\t\t\t\t<div class=\"col-inner\"  >\n\t\t\t\n\t\t\t\n<h3>MOZG\u00c1SFEJL\u0150D\u00c9S<\/h3>\n<p>A mozg\u00e1sban t\u00f6rt\u00e9n\u0151 v\u00e1ltoz\u00e1sok, folyamat melyen kereszt\u00fcl a gyermek elsaj\u00e1t\u00edt k\u00fcl\u00f6nb\u00f6z\u0151 k\u00e9pess\u00e9geket, mint\u00e1zatokat. T\u00c9NYEZ\u0150K: \u00e9r\u00e9s, tanul\u00e1s<\/p>\n<p><a href=\"https:\/\/media.zalan.in.rs\/BAMBI\/Mozgasfejlodes.pptx\">Let\u00f6lt\u00e9s<\/a><\/p>\n\t\t<\/div>\n\t\t\t\t\t<\/div>\n\n\t\n\n\t<div id=\"col-282352390\" class=\"col medium-6 small-12 large-6\"  >\n\t\t\t\t<div class=\"col-inner\"  >\n\t\t\t\n\t\t\t\n<h3>Gyermekjogok<\/h3>\n<p>1989-ben ezen a napon fogadta el az ENSZ a Gyermekjogi egyezm\u00e9nyt &#8211; <a href=\"https:\/\/media.zalan.in.rs\/BAMBI\/GYERMEKJOGOK.pdf\" class=\"mtli_attachment mtli_pdf\">Gyermekjogok (PDF)<\/a><\/p>\n\t\t<\/div>\n\t\t\t\t\t<\/div>\n\n\t\n\n\t<div id=\"col-1178100603\" class=\"col medium-6 small-12 large-6\"  >\n\t\t\t\t<div class=\"col-inner\"  >\n\t\t\t\n\t\t\t\n<h3>\u00d3vod\u00e1ba indulok \u00e9n is<\/h3>\n<p>B\u00e1r az \u00f3vodai beszoktat\u00e1s id\u0151szaka nagy kih\u00edv\u00e1s, m\u00e9gis van p\u00e1r aranyszab\u00e1ly, amely felk\u00e9sz\u00edtik a gyerekeket, \u00e9s a sz\u00fcl\u0151ket is (!) az \u00f3vodakezd\u00e9sre.\u00a0<a href=\"https:\/\/bambi.edu.rs\/wp-content\/uploads\/2020\/03\/Ovodaba-indulok-en-is.pdf\" class=\"mtli_attachment mtli_pdf\">Let\u00f6lt\u00e9s<\/a><\/p>\n\t\t<\/div>\n\t\t\t\t\t<\/div>\n\n\t\n\n\t<div id=\"col-916665481\" class=\"col medium-6 small-12 large-6\"  >\n\t\t\t\t<div class=\"col-inner\"  >\n\t\t\t\n\t\t\t\n<h3>Fejleszt\u0151i j\u00e1t\u00e9kok szabadid\u0151ben<\/h3>\n<p>\u00cdme, n\u00e9h\u00e1ny hasznos k\u00e9pess\u00e9gfejleszt\u0151 j\u00e1t\u00e9k a sz\u00fcl\u0151knek, amivel boldogabb\u00e1, izgalmasabb\u00e1, \u00e9s sz\u00f3rakoztat\u00f3bb\u00e1 teheti gyermeke szabadidej\u00e9t, valamint egy internetes oldal.\u00a0<a href=\"https:\/\/bambi.edu.rs\/wp-content\/uploads\/2020\/03\/Fejleszto-jatekok-szabadidoben.pdf\" class=\"mtli_attachment mtli_pdf\">Let\u00f6lt\u00e9s<\/a><\/p>\n\t\t<\/div>\n\t\t\t\t\t<\/div>\n\n\t\n<\/div>\n","protected":false},"excerpt":{"rendered":"","protected":false},"author":1,"featured_media":0,"parent":0,"menu_order":0,"comment_status":"closed","ping_status":"closed","template":"page-transparent-header-light.php","meta":{"inline_featured_image":false,"jetpack_post_was_ever_published":false,"footnotes":""},"class_list":["post-40","page","type-page","status-publish","hentry"],"_links":{"self":[{"href":"https:\/\/bambi.edu.rs\/hu\/wp-json\/wp\/v2\/pages\/40","targetHints":{"allow":["GET"]}}],"collection":[{"href":"https:\/\/bambi.edu.rs\/hu\/wp-json\/wp\/v2\/pages"}],"about":[{"href":"https:\/\/bambi.edu.rs\/hu\/wp-json\/wp\/v2\/types\/page"}],"author":[{"embeddable":true,"href":"https:\/\/bambi.edu.rs\/hu\/wp-json\/wp\/v2\/users\/1"}],"replies":[{"embeddable":true,"href":"https:\/\/bambi.edu.rs\/hu\/wp-json\/wp\/v2\/comments?post=40"}],"version-history":[{"count":0,"href":"https:\/\/bambi.edu.rs\/hu\/wp-json\/wp\/v2\/pages\/40\/revisions"}],"wp:attachment":[{"href":"https:\/\/bambi.edu.rs\/hu\/wp-json\/wp\/v2\/media?parent=40"}],"curies":[{"name":"wp","href":"https:\/\/api.w.org\/{rel}","templated":true}]}}